{"id":30,"date":"2023-11-28T17:49:39","date_gmt":"2023-11-28T16:49:39","guid":{"rendered":"https:\/\/derridex.fr\/?page_id=30"},"modified":"2023-12-06T00:13:22","modified_gmt":"2023-12-05T23:13:22","slug":"presentation-du-site","status":"publish","type":"page","link":"https:\/\/derridex.fr\/index.php\/presentation-du-site\/","title":{"rendered":"Pr\u00e9sentation du site"},"content":{"rendered":"\n<p>Il s&#8217;agit d&#8217;\u00e9voquer, dans ce blog, les\u00a0<em>mots<\/em>\u00a0de Jacques Derrida. C&#8217;est un travail que j&#8217;avais entrepris, aux alentours de l&#8217;an 2000, par la r\u00e9daction d&#8217;un autre site nomm\u00e9 <a href=\"http:\/\/www.idixa.net\">Idixa.net<\/a>. J&#8217;y renvoie car ce travail est toujours accessible, avec beaucoup de contenu, peut-\u00eatre trop. Sa p\u00e9rennit\u00e9 n&#8217;\u00e9tant pas assur\u00e9e, je tente autre chose, toujours autour des <em>mots<\/em>. Si j&#8217;emploie ce mot-l\u00e0, <em>mot<\/em>, c&#8217;est parce que je n&#8217;ai pas envie de parler de concepts, de notions, ni m\u00eame de cat\u00e9gories (voire d&#8217;\u00e9tiquettes, comme l&#8217;impose la langage du web), mais simplement de <em>mots<\/em>, des mots de la langue, ce qui n&#8217;interdit pas d&#8217;employer des mots rares ou des n\u00e9ologismes. Parmi les milliers de vocables dont Jacques Derrida s&#8217;est servi dans ses textes, j&#8217;en choisis certains qui me paraissent les plus\u00a0<em>pertinents<\/em>. Que signifie ce mot, pertinence\u00a0? Il y a les significations du dictionnaire<sup><a id=\"ffn1\" href=\"#fn1\">1<\/a><\/sup>, que je ne rejette pas, et aussi celles qui sont impliqu\u00e9es par ce\u00a0<em>projet m\u00eame<\/em>\u00a0&#8211; et dont la justification ne pourra appara\u00eetre qu&#8217;au fur et \u00e0 mesure. La personne <em>Jacques Derrida<\/em> est morte, elle a disparu, et au fond j&#8217;ignore tout de la fa\u00e7on dont elle fonctionnait, ses <em>intentions<\/em>, comme on dit. C&#8217;est donc moi qui choisis, d\u00e9sormais, les mots qui m&#8217;int\u00e9ressent. Par ma signature, j&#8217;assume cette d\u00e9marche tout ce qu&#8217;il y a de plus personnelle (qui n&#8217;a rien \u00e0 voir avec un dictionnaire), tout en essayant de rester fid\u00e8le au spectre qui m&#8217;habite.<\/p>\n\n\n\n<ol class=\"wp-block-list\" id=\"footnotes\">\n<li>Je trouve quatre d\u00e9finitions dans le dictionnaire : 1.&nbsp;<em>Qualit\u00e9 de ce qui est adapt\u00e9 exactement \u00e0 l&#8217;objet dont il s&#8217;agit<\/em>. 2.&nbsp;<em>Rapport entre le fait qu&#8217;il s&#8217;agit de prouver et la preuve offerte<\/em>. 3.&nbsp;<em>Qualit\u00e9 de celui ou de ce qui fait preuve de bon sens, d&#8217;\u00e0-propos, de justesse<\/em>. 4.&nbsp;<em>Propri\u00e9t\u00e9 qui permet \u00e0 un phon\u00e8me, \u00e0 un trait phonologique etc., d&#8217;assurer une fonction distinctive dans une langue donn\u00e9e, en s&#8217;opposant aux autres unit\u00e9s de m\u00eame niveau<\/em>. Je n\u2019ai rien \u00e0 ajouter.&nbsp;<a href=\"#ffn1\">\u21a9\ufe0e<\/a><\/li>\n<\/ol>\n","protected":false},"excerpt":{"rendered":"<p>Il s&#8217;agit d&#8217;\u00e9voquer, dans ce blog, les\u00a0mots\u00a0de Jacques Derrida. C&#8217;est un travail que j&#8217;avais entrepris, aux alentours de l&#8217;an 2000, par la r\u00e9daction d&#8217;un autre site nomm\u00e9 Idixa.net. J&#8217;y renvoie car ce travail est&#46;&#46;&#46;<\/p>\n","protected":false},"author":1,"featured_media":0,"parent":0,"menu_order":0,"comment_status":"closed","ping_status":"closed","template":"","meta":{"footnotes":""},"biblios":[],"class_list":["post-30","page","type-page","status-publish","hentry"],"_links":{"self":[{"href":"https:\/\/derridex.fr\/index.php\/wp-json\/wp\/v2\/pages\/30","targetHints":{"allow":["GET"]}}],"collection":[{"href":"https:\/\/derridex.fr\/index.php\/wp-json\/wp\/v2\/pages"}],"about":[{"href":"https:\/\/derridex.fr\/index.php\/wp-json\/wp\/v2\/types\/page"}],"author":[{"embeddable":true,"href":"https:\/\/derridex.fr\/index.php\/wp-json\/wp\/v2\/users\/1"}],"replies":[{"embeddable":true,"href":"https:\/\/derridex.fr\/index.php\/wp-json\/wp\/v2\/comments?post=30"}],"version-history":[{"count":15,"href":"https:\/\/derridex.fr\/index.php\/wp-json\/wp\/v2\/pages\/30\/revisions"}],"predecessor-version":[{"id":131,"href":"https:\/\/derridex.fr\/index.php\/wp-json\/wp\/v2\/pages\/30\/revisions\/131"}],"wp:attachment":[{"href":"https:\/\/derridex.fr\/index.php\/wp-json\/wp\/v2\/media?parent=30"}],"wp:term":[{"taxonomy":"biblios","embeddable":true,"href":"https:\/\/derridex.fr\/index.php\/wp-json\/wp\/v2\/biblios?post=30"}],"curies":[{"name":"wp","href":"https:\/\/api.w.org\/{rel}","templated":true}]}}