{"id":79,"date":"2023-11-28T20:11:31","date_gmt":"2023-11-28T19:11:31","guid":{"rendered":"https:\/\/derridex.fr\/?page_id=79"},"modified":"2023-11-29T13:01:09","modified_gmt":"2023-11-29T12:01:09","slug":"page-daccueil","status":"publish","type":"page","link":"https:\/\/derridex.fr\/","title":{"rendered":"Pourquoi le Derridex\u00a0?"},"content":{"rendered":"\n<p>Ce site est d\u00e9di\u00e9 \u00e0 Jacques Derrida. Il prolonge et recoupe un autre site qui, au d\u00e9part, n&#8217;avait pas \u00e9t\u00e9 cr\u00e9\u00e9 dans ce but (<a href=\"http:\/\/www.idixa.net\">Idixa.net<\/a>). Depuis le d\u00e9but des ann\u00e9es 2000, le Derridex a \u00e9t\u00e9 d\u00e9velopp\u00e9 dans ce cadre, bas\u00e9 sur un vieux programme des premi\u00e8res ann\u00e9es du Mac (<a href=\"https:\/\/fr.wikipedia.org\/wiki\/HyperCard#:~:text=HyperCard%20est%20un%20programme%20et,avoir%20connu%20un%20r%C3%A9el%20succ%C3%A8s.\">Hypercard<\/a>) et son successeur (<a href=\"https:\/\/fr.wikipedia.org\/wiki\/LiveCode\">LiveCode<\/a>), auxquels je tiens \u00e0 rendre hommage. On peut encore le consulter (et d&#8217;ailleurs, il le faut), car il est beaucoup plus complet que la pr\u00e9sente tentative, mais malheureusement la technologie vieillit, et il fallait passer \u00e0 autre chose. Je d\u00e9place ici une partie des textes \u00e9crits \u00e0 cette occasion, pas (ou pas seulement) pour les recopier, mais pour les d\u00e9velopper autrement. Il s&#8217;agit en effet (malgr\u00e9 toutes les r\u00e9serves que nous pouvons entretenir sur ce mot, et malgr\u00e9 l&#8217;hostilit\u00e9, voire plus, souvent d\u00e9cha\u00een\u00e9e contre lui) de <em>d\u00e9construction<\/em>. Il ne faudrait pas que la m\u00e9thodologie mise en \u0153uvre paralyse exag\u00e9r\u00e9ment le contenu. Si j&#8217;\u00e9cris <em>paralyse exag\u00e9r\u00e9ment<\/em>, c&#8217;est parce que je crois que dans une certaine mesure, choisir ce support trop facile d&#8217;acc\u00e8s neutralise la difficult\u00e9 du sujet. Vous allez cliquer, passer d&#8217;une proposition \u00e0 une autre, explorer tel ou tel th\u00e8me ou cat\u00e9gorie, comme si cette classification renvoyait \u00e0 des concepts \u00e9tablis, stables. Mais bien entendu c&#8217;est une illusion. Ces cat\u00e9gories ne sont rien d&#8217;autre qu&#8217;un mode de classement impos\u00e9 par le support, un arrangement qui contrarie le contenu, le contredit, le menace. Mais premi\u00e8rement j&#8217;ai envie de prendre le risque, c&#8217;est mon bon plaisir, deuxi\u00e8mement il est probable que ce type de risque vaut pour tout \u00e9crit, toute forme d&#8217;\u00e9criture, et troisi\u00e8mement vous \u00eates avertis &#8211; et c&#8217;est vous qui lisez, ce n&#8217;est pas moi.<\/p>\n","protected":false},"excerpt":{"rendered":"<p>Ce site est d\u00e9di\u00e9 \u00e0 Jacques Derrida. Il prolonge et recoupe un autre site qui, au d\u00e9part, n&#8217;avait pas \u00e9t\u00e9 cr\u00e9\u00e9 dans ce but (Idixa.net). Depuis le d\u00e9but des ann\u00e9es 2000, le Derridex a&#46;&#46;&#46;<\/p>\n","protected":false},"author":1,"featured_media":0,"parent":0,"menu_order":0,"comment_status":"closed","ping_status":"closed","template":"","meta":{"footnotes":""},"biblios":[],"class_list":["post-79","page","type-page","status-publish","hentry"],"_links":{"self":[{"href":"https:\/\/derridex.fr\/index.php\/wp-json\/wp\/v2\/pages\/79","targetHints":{"allow":["GET"]}}],"collection":[{"href":"https:\/\/derridex.fr\/index.php\/wp-json\/wp\/v2\/pages"}],"about":[{"href":"https:\/\/derridex.fr\/index.php\/wp-json\/wp\/v2\/types\/page"}],"author":[{"embeddable":true,"href":"https:\/\/derridex.fr\/index.php\/wp-json\/wp\/v2\/users\/1"}],"replies":[{"embeddable":true,"href":"https:\/\/derridex.fr\/index.php\/wp-json\/wp\/v2\/comments?post=79"}],"version-history":[{"count":7,"href":"https:\/\/derridex.fr\/index.php\/wp-json\/wp\/v2\/pages\/79\/revisions"}],"predecessor-version":[{"id":104,"href":"https:\/\/derridex.fr\/index.php\/wp-json\/wp\/v2\/pages\/79\/revisions\/104"}],"wp:attachment":[{"href":"https:\/\/derridex.fr\/index.php\/wp-json\/wp\/v2\/media?parent=79"}],"wp:term":[{"taxonomy":"biblios","embeddable":true,"href":"https:\/\/derridex.fr\/index.php\/wp-json\/wp\/v2\/biblios?post=79"}],"curies":[{"name":"wp","href":"https:\/\/api.w.org\/{rel}","templated":true}]}}